{"id":3434,"date":"2024-10-23T19:08:34","date_gmt":"2024-10-23T19:08:34","guid":{"rendered":"https:\/\/sc-econsult.com\/?page_id=3434"},"modified":"2025-02-19T12:40:28","modified_gmt":"2025-02-19T12:40:28","slug":"optimizacija-operativnih-procesa-2","status":"publish","type":"page","link":"https:\/\/sc-econsult.com\/en\/optimizacija-operativnih-procesa-2\/","title":{"rendered":"Optimization of operative processes"},"content":{"rendered":"<div data-elementor-type=\"wp-page\" data-elementor-id=\"3434\" class=\"elementor elementor-3434\">\n\t\t\t\t<div class=\"elementor-element elementor-element-32d3232 e-flex e-con-boxed e-con e-parent\" data-id=\"32d3232\" data-element_type=\"container\" data-e-type=\"container\">\n\t\t\t\t\t<div class=\"e-con-inner\">\n\t\t\t\t\t<\/div>\n\t\t\t\t<\/div>\n\t\t<div class=\"elementor-element elementor-element-9707e0a e-flex e-con-boxed e-con e-parent\" data-id=\"9707e0a\" data-element_type=\"container\" data-e-type=\"container\">\n\t\t\t\t\t<div class=\"e-con-inner\">\n\t\t<div class=\"elementor-element elementor-element-9683df4 e-con-full e-flex e-con e-child\" data-id=\"9683df4\" data-element_type=\"container\" data-e-type=\"container\">\n\t\t\t\t<div class=\"elementor-element elementor-element-ccc5e2c elementor-widget elementor-widget-html\" data-id=\"ccc5e2c\" data-element_type=\"widget\" data-e-type=\"widget\" data-widget_type=\"html.default\">\n\t\t\t\t<div class=\"elementor-widget-container\">\n\t\t\t\t\t<style>\r\n    .go-back-button {\r\n        display: inline-flex;\r\n        align-items: center;\r\n        padding: 10px 20px;\r\n        background-color: #333333;\r\n        color: #ffffff; \r\n        border: none;\r\n        border-radius: 5px;\r\n        cursor: pointer;\r\n        font-size: 20px;\r\n        text-decoration: none;\r\n        transition: color 0.3s ease, background-color 0.3s ease;\r\n    }\r\n    \r\n    .go-back-button:hover {\r\n        color: #8A95A5;\r\n        background-color: #333333;\r\n    }\r\n    \r\n    .go-back-button svg {\r\n        margin-right: 8px;\r\n        fill: currentColor;\r\n    }\r\n<\/style>\r\n\r\n<button class=\"go-back-button\" onclick=\"window.history.back();\">\r\n    <svg width=\"20\" height=\"20\" viewbox=\"0 0 24 24\" fill=\"none\" xmlns=\"http:\/\/www.w3.org\/2000\/svg\">\r\n        <path d=\"M15 6L9 12L15 18\" stroke=\"currentColor\" stroke-width=\"2\" stroke-linecap=\"round\" stroke-linejoin=\"round\"\/>\r\n    <\/svg>\r\n    go back\r\n<\/button>\r\n\r\n\t\t\t\t<\/div>\n\t\t\t\t<\/div>\n\t\t\t\t<\/div>\n\t\t\t\t<div class=\"elementor-element elementor-element-a5c3252 elementor-widget__width-inherit elementor-hidden-desktop elementor-widget elementor-widget-image\" data-id=\"a5c3252\" data-element_type=\"widget\" data-e-type=\"widget\" data-widget_type=\"image.default\">\n\t\t\t\t<div class=\"elementor-widget-container\">\n\t\t\t\t\t\t\t\t\t\t\t\t\t\t\t<img fetchpriority=\"high\" decoding=\"async\" width=\"539\" height=\"1024\" src=\"https:\/\/sc-econsult.com\/wp-content\/uploads\/2025\/03\/Supplier-engagement-3.png\" class=\"attachment-large size-large wp-image-3628\" alt=\"Optimizacija operativnih procesa, automatizacija, digitalizacija\" srcset=\"https:\/\/sc-econsult.com\/wp-content\/uploads\/2025\/03\/Supplier-engagement-3.png 4206w, https:\/\/sc-econsult.com\/wp-content\/uploads\/2025\/03\/Supplier-engagement-3-158x300.png 158w, https:\/\/sc-econsult.com\/wp-content\/uploads\/2025\/03\/Supplier-engagement-3-538x1024.png 538w, https:\/\/sc-econsult.com\/wp-content\/uploads\/2025\/03\/Supplier-engagement-3-768x1461.png 768w, https:\/\/sc-econsult.com\/wp-content\/uploads\/2025\/03\/Supplier-engagement-3-808x1536.png 808w, https:\/\/sc-econsult.com\/wp-content\/uploads\/2025\/03\/Supplier-engagement-3-1077x2048.png 1077w, https:\/\/sc-econsult.com\/wp-content\/uploads\/2025\/03\/Supplier-engagement-3-6x12.png 6w\" sizes=\"(max-width: 539px) 100vw, 539px\" title=\"\">\t\t\t\t\t\t\t\t\t\t\t\t\t\t\t<\/div>\n\t\t\t\t<\/div>\n\t\t\t\t<div class=\"elementor-element elementor-element-e739d60 elementor-widget__width-inherit elementor-hidden-tablet elementor-hidden-mobile elementor-widget elementor-widget-image\" data-id=\"e739d60\" data-element_type=\"widget\" data-e-type=\"widget\" data-widget_type=\"image.default\">\n\t\t\t\t<div class=\"elementor-widget-container\">\n\t\t\t\t\t\t\t\t\t\t\t\t\t\t\t<img decoding=\"async\" width=\"2048\" height=\"799\" src=\"https:\/\/sc-econsult.com\/wp-content\/uploads\/2025\/03\/Optimization-of-operative-processes.png\" class=\"attachment-2048x2048 size-2048x2048 wp-image-3632\" alt=\"Optimizacija operativnih procesa, automatizacija, digitalizacija\" srcset=\"https:\/\/sc-econsult.com\/wp-content\/uploads\/2025\/03\/Optimization-of-operative-processes.png 5000w, https:\/\/sc-econsult.com\/wp-content\/uploads\/2025\/03\/Optimization-of-operative-processes-300x119.png 300w, https:\/\/sc-econsult.com\/wp-content\/uploads\/2025\/03\/Optimization-of-operative-processes-1024x405.png 1024w, https:\/\/sc-econsult.com\/wp-content\/uploads\/2025\/03\/Optimization-of-operative-processes-768x304.png 768w, https:\/\/sc-econsult.com\/wp-content\/uploads\/2025\/03\/Optimization-of-operative-processes-1536x608.png 1536w, https:\/\/sc-econsult.com\/wp-content\/uploads\/2025\/03\/Optimization-of-operative-processes-2048x810.png 2048w, https:\/\/sc-econsult.com\/wp-content\/uploads\/2025\/03\/Optimization-of-operative-processes-18x7.png 18w\" sizes=\"(max-width: 2048px) 100vw, 2048px\" title=\"\">\t\t\t\t\t\t\t\t\t\t\t\t\t\t\t<\/div>\n\t\t\t\t<\/div>\n\t\t\t\t\t<\/div>\n\t\t\t\t<\/div>\n\t\t<div class=\"elementor-element elementor-element-fd46e52 e-con-full e-flex e-con e-parent\" data-id=\"fd46e52\" data-element_type=\"container\" data-e-type=\"container\">\n\t\t\t\t<div class=\"elementor-element elementor-element-e3fc883 elementor-widget__width-inherit elementor-widget elementor-widget-heading\" data-id=\"e3fc883\" data-element_type=\"widget\" data-e-type=\"widget\" data-widget_type=\"heading.default\">\n\t\t\t\t<div class=\"elementor-widget-container\">\n\t\t\t\t\t<h1 class=\"elementor-heading-title elementor-size-default\">Optimization of operative processes<\/h1>\t\t\t\t<\/div>\n\t\t\t\t<\/div>\n\t\t\t\t<div class=\"elementor-element elementor-element-734430d elementor-widget elementor-widget-text-editor\" data-id=\"734430d\" data-element_type=\"widget\" data-e-type=\"widget\" data-widget_type=\"text-editor.default\">\n\t\t\t\t<div class=\"elementor-widget-container\">\n\t\t\t\t\t\t\t\t\t<h3>Why is the optimization of operational processes within a company essential for market competitiveness?<\/h3><div class=\"flex-shrink-0 flex flex-col relative items-end\"><div><div class=\"pt-0\"><div class=\"gizmo-bot-avatar flex h-8 w-8 items-center justify-center overflow-hidden rounded-full\"><div class=\"relative p-1 rounded-sm flex items-center justify-center bg-token-main-surface-primary text-token-text-primary h-8 w-8\">\u00a0<\/div><\/div><\/div><\/div><\/div><div class=\"group\/conversation-turn relative flex w-full min-w-0 flex-col agent-turn\"><div class=\"flex-col gap-1 md:gap-3\"><div class=\"flex max-w-full flex-col flex-grow\"><div class=\"min-h-8 text-message flex w-full flex-col items-end gap-2 whitespace-normal break-words [.text-message+&amp;]:mt-5\" dir=\"auto\" data-message-author-role=\"assistant\" data-message-id=\"859e4983-4063-4a20-b051-5cad313da016\" data-message-model-slug=\"gpt-4o\"><div class=\"flex w-full flex-col gap-1 empty:hidden first:pt-[3px]\"><div class=\"markdown prose w-full break-words dark:prose-invert light\"><p>Our services in operational process optimization, including automation, digitalization, and process alignment, serve as essential tools for enhancing business performance across various working areas.  \n\nBy implementing process optimization solutions, companies can significantly increase efficiency, reduce costs, and improve accuracy in their operations.  Automation enables faster and more efficient execution of repetitive tasks, freeing teams to focus on strategic activities.  Digitalization of data and processes ensures quicker access to information, accelerating decision-making and facilitating collaboration between different departments.<\/p><\/div><p>These solutions can be applied to all types of businesses \u2013 from small enterprises to large corporations \u2013 enabling better resource utilization, faster adaptation to market changes, and more efficient communication both within and outside the company, ultimately enhancing competitiveness.  \n\nOur services provide expert guidance and tailored solutions that align with modern technologies and meet the specific needs of businesses. We help companies optimize their processes and improve overall operational efficiency, ensuring they stay ahead in a rapidly evolving market.<\/p><\/div><\/div><\/div><\/div><\/div>\t\t\t\t\t\t\t\t<\/div>\n\t\t\t\t<\/div>\n\t\t\t\t<div class=\"elementor-element elementor-element-87a2002 text-expander elementor-widget elementor-widget-n-accordion\" data-id=\"87a2002\" data-element_type=\"widget\" data-e-type=\"widget\" data-settings=\"{&quot;default_state&quot;:&quot;all_collapsed&quot;,&quot;n_accordion_animation_duration&quot;:{&quot;unit&quot;:&quot;ms&quot;,&quot;size&quot;:650,&quot;sizes&quot;:[]},&quot;max_items_expended&quot;:&quot;one&quot;}\" data-widget_type=\"nested-accordion.default\">\n\t\t\t\t<div class=\"elementor-widget-container\">\n\t\t\t\t\t\t\t<div class=\"e-n-accordion\" aria-label=\"Accordion. Open links with Enter or Space, close with Escape, and navigate with Arrow Keys\">\n\t\t\t\t\t\t<details id=\"e-n-accordion-item-1420\" class=\"e-n-accordion-item\" >\n\t\t\t\t<summary class=\"e-n-accordion-item-title\" data-accordion-index=\"1\" tabindex=\"0\" aria-expanded=\"false\" aria-controls=\"e-n-accordion-item-1420\" >\n\t\t\t\t\t<span class='e-n-accordion-item-title-header'><h2 class=\"e-n-accordion-item-title-text\"> Read <span class=\"read-more\">more - which companies can benefit the most?<\/span><span class=\"read-less\">less..<\/span> <\/h2><\/span>\n\t\t\t\t\t\t\t\t\t<\/summary>\n\t\t\t\t<div role=\"region\" aria-labelledby=\"e-n-accordion-item-1420\" class=\"elementor-element elementor-element-571f014 e-con-full e-flex e-con e-child\" data-id=\"571f014\" data-element_type=\"container\" data-e-type=\"container\">\n\t\t\t\t<div class=\"elementor-element elementor-element-b7117ac elementor-widget elementor-widget-text-editor\" data-id=\"b7117ac\" data-element_type=\"widget\" data-e-type=\"widget\" data-widget_type=\"text-editor.default\">\n\t\t\t\t<div class=\"elementor-widget-container\">\n\t\t\t\t\t\t\t\t\t<h3>Which companies can make advantage?<\/h3><p>Optimization of operational processes through digitalization, automation, and alignment of business practices is not just an advantage for large corporations. Our services are valuable and adaptable for companies of all sizes and industries, from manufacturing enterprises to service-based businesses. Today, many companies face challenges associated with outdated business practices, meaning that: processes are not digitalized,  operations rely heavily on manual tasks, and  staff often lack knowledge of the latest technologies and business improvement concepts.  \n\nBy implementing modern solutions, businesses can streamline their operations, improve efficiency, and stay competitive in an evolving market.<\/p><p>Such an outdated approach to business limits growth, increases operational costs, and reduces competitiveness. Our services in operational process optimization help companies address these challenges by providing tools and strategies for modernization, based on the business structure itself and aimed at implementing tangible business improvements with minimal implementation costs. The introduction of automation can reduce costs and accelerate business processes, while digitalization allows for better oversight and control over work tasks. In this way, companies can increase customer satisfaction through faster and higher-quality service while simultaneously making daily work easier for their employees, enhancing productivity and job satisfaction.<\/p><p>Regardless of size or industry sector, every business entity can achieve significant benefits from optimizing its operational processes, realizing long-term savings, and strengthening its market presence. Now is the time for every sector to recognize the potential for improvement and invest in an optimal digital future for their business.<\/p>\t\t\t\t\t\t\t\t<\/div>\n\t\t\t\t<\/div>\n\t\t\t\t<\/div>\n\t\t\t\t\t<\/details>\n\t\t\t\t\t\t<details id=\"e-n-accordion-item-1421\" class=\"e-n-accordion-item\" >\n\t\t\t\t<summary class=\"e-n-accordion-item-title\" data-accordion-index=\"2\" tabindex=\"-1\" aria-expanded=\"false\" aria-controls=\"e-n-accordion-item-1421\" >\n\t\t\t\t\t<span class='e-n-accordion-item-title-header'><h2 class=\"e-n-accordion-item-title-text\"> Read <span class=\"read-more\">more - how can our consulting services help?<\/span><span class=\"read-less\">less..<\/span> <\/h2><\/span>\n\t\t\t\t\t\t\t\t\t<\/summary>\n\t\t\t\t<div role=\"region\" aria-labelledby=\"e-n-accordion-item-1421\" class=\"elementor-element elementor-element-d624d46 e-con-full e-flex e-con e-child\" data-id=\"d624d46\" data-element_type=\"container\" data-e-type=\"container\">\n\t\t\t\t<div class=\"elementor-element elementor-element-b9490bb elementor-widget elementor-widget-text-editor\" data-id=\"b9490bb\" data-element_type=\"widget\" data-e-type=\"widget\" data-widget_type=\"text-editor.default\">\n\t\t\t\t<div class=\"elementor-widget-container\">\n\t\t\t\t\t\t\t\t\t<h3>Services we offer<\/h3><div class=\"flex-shrink-0 flex flex-col relative items-end\"><div><div class=\"pt-0\"><div class=\"gizmo-bot-avatar flex h-8 w-8 items-center justify-center overflow-hidden rounded-full\"><div class=\"relative p-1 rounded-sm flex items-center justify-center bg-token-main-surface-primary text-token-text-primary h-8 w-8\">\u00a0<\/div><\/div><\/div><\/div><\/div><div class=\"group\/conversation-turn relative flex w-full min-w-0 flex-col agent-turn\"><div class=\"flex-col gap-1 md:gap-3\"><div class=\"flex max-w-full flex-col flex-grow\"><div class=\"min-h-8 text-message flex w-full flex-col items-end gap-2 whitespace-normal break-words [.text-message+&amp;]:mt-5\" dir=\"auto\" data-message-author-role=\"assistant\" data-message-id=\"cc3ae180-7ebd-4998-8695-cf33cb4bd78c\" data-message-model-slug=\"gpt-4o\"><div class=\"flex w-full flex-col gap-1 empty:hidden first:pt-[3px]\"><div class=\"markdown prose w-full break-words dark:prose-invert light\"><p>We provide a comprehensive approach to transforming operational processes, ensuring long-term benefits for companies of all sizes and sectors. Through more efficient operations, faster responses to market changes, and better resource utilization, process optimization becomes one of the key elements of success in modern business. Our services in this area include:<\/p><\/div><\/div><\/div><\/div><\/div><\/div><ol><li><p><strong>Analysis of existing processes and identification of weak points in the operational process<\/strong> \u2013 We conduct a detailed analysis of existing business processes to identify areas that slow down operations, increase costs, or reduce efficiency. This analysis provides insight into key areas that need improvement to achieve maximum productivity.<\/p><\/li><li><p><strong>Development of a strategy for improving operational processes \u2013<\/strong> Based on the conducted analysis and in line with modern business standards and available digital tools, we develop a comprehensive strategy for process improvement in areas such as production, communication, document processing, human resources, warehousing, transportation organization, and more. The strategy development is focused on aligning with high industry standards and is tailored to the latest digital tools that facilitate easier management and optimization of daily activities.<\/p><\/li><li><p><strong>Coordination of strategy implementation \u2013\u00a0<\/strong>We provide support in all previously agreed steps of strategy implementation, ensuring that all processes are efficiently integrated and aligned. Through the coordination of all activities, we ensure that the planned objectives are achieved within the expected timeframe, with minimal disruptions to operations during implementation.<\/p><\/li><li><p><strong>Training employees in working with new processes and technologies \u2013 <\/strong>For the previously implemented process improvements, we organize employee training to ensure a smooth transition to new processes and technologies. Our training enables employees to quickly adapt to changes and efficiently use new tools, increasing productivity and reducing the likelihood of errors.<\/p><\/li><\/ol><p>By combining these services, we enable companies to achieve comprehensive business improvements and maintain a competitive edge in an evolving market.<\/p>\t\t\t\t\t\t\t\t<\/div>\n\t\t\t\t<\/div>\n\t\t\t\t<\/div>\n\t\t\t\t\t<\/details>\n\t\t\t\t\t<\/div>\n\t\t\t\t\t\t<\/div>\n\t\t\t\t<\/div>\n\t\t\t\t<\/div>\n\t\t<div class=\"elementor-element elementor-element-a2a439e e-con-full e-transform e-transform e-flex e-con e-parent\" data-id=\"a2a439e\" data-element_type=\"container\" data-e-type=\"container\" data-settings=\"{&quot;background_background&quot;:&quot;classic&quot;,&quot;_transform_scale_effect_mobile&quot;:{&quot;unit&quot;:&quot;px&quot;,&quot;size&quot;:0.7,&quot;sizes&quot;:[]},&quot;_transform_scale_effect&quot;:{&quot;unit&quot;:&quot;px&quot;,&quot;size&quot;:&quot;&quot;,&quot;sizes&quot;:[]},&quot;_transform_scale_effect_tablet&quot;:{&quot;unit&quot;:&quot;px&quot;,&quot;size&quot;:&quot;&quot;,&quot;sizes&quot;:[]},&quot;_transform_skewX_effect&quot;:{&quot;unit&quot;:&quot;px&quot;,&quot;size&quot;:&quot;&quot;,&quot;sizes&quot;:[]},&quot;_transform_skewX_effect_tablet&quot;:{&quot;unit&quot;:&quot;deg&quot;,&quot;size&quot;:&quot;&quot;,&quot;sizes&quot;:[]},&quot;_transform_skewX_effect_mobile&quot;:{&quot;unit&quot;:&quot;deg&quot;,&quot;size&quot;:&quot;&quot;,&quot;sizes&quot;:[]},&quot;_transform_skewY_effect&quot;:{&quot;unit&quot;:&quot;px&quot;,&quot;size&quot;:&quot;&quot;,&quot;sizes&quot;:[]},&quot;_transform_skewY_effect_tablet&quot;:{&quot;unit&quot;:&quot;deg&quot;,&quot;size&quot;:&quot;&quot;,&quot;sizes&quot;:[]},&quot;_transform_skewY_effect_mobile&quot;:{&quot;unit&quot;:&quot;deg&quot;,&quot;size&quot;:&quot;&quot;,&quot;sizes&quot;:[]}}\">\n\t\t<div class=\"elementor-element elementor-element-984a951 e-con-full e-flex e-con e-child\" data-id=\"984a951\" data-element_type=\"container\" data-e-type=\"container\">\n\t\t\t\t<\/div>\n\t\t\t\t<div class=\"elementor-element elementor-element-b4d9b31 elementor-button-success elementor-align-center elementor-widget-mobile__width-inherit animated-slow e-transform e-transform e-transform e-transform elementor-invisible elementor-widget elementor-widget-button\" data-id=\"b4d9b31\" data-element_type=\"widget\" data-e-type=\"widget\" data-settings=\"{&quot;_animation&quot;:&quot;flash&quot;,&quot;_transform_rotateZ_effect&quot;:{&quot;unit&quot;:&quot;px&quot;,&quot;size&quot;:0,&quot;sizes&quot;:[]},&quot;_transform_translateX_effect&quot;:{&quot;unit&quot;:&quot;px&quot;,&quot;size&quot;:0,&quot;sizes&quot;:[]},&quot;_transform_scale_effect&quot;:{&quot;unit&quot;:&quot;px&quot;,&quot;size&quot;:1.4,&quot;sizes&quot;:[]},&quot;_transform_skewX_effect&quot;:{&quot;unit&quot;:&quot;px&quot;,&quot;size&quot;:-360,&quot;sizes&quot;:[]},&quot;_transform_rotateZ_effect_tablet&quot;:{&quot;unit&quot;:&quot;deg&quot;,&quot;size&quot;:&quot;&quot;,&quot;sizes&quot;:[]},&quot;_transform_rotateZ_effect_mobile&quot;:{&quot;unit&quot;:&quot;deg&quot;,&quot;size&quot;:&quot;&quot;,&quot;sizes&quot;:[]},&quot;_transform_translateX_effect_tablet&quot;:{&quot;unit&quot;:&quot;px&quot;,&quot;size&quot;:&quot;&quot;,&quot;sizes&quot;:[]},&quot;_transform_translateX_effect_mobile&quot;:{&quot;unit&quot;:&quot;px&quot;,&quot;size&quot;:&quot;&quot;,&quot;sizes&quot;:[]},&quot;_transform_translateY_effect&quot;:{&quot;unit&quot;:&quot;px&quot;,&quot;size&quot;:&quot;&quot;,&quot;sizes&quot;:[]},&quot;_transform_translateY_effect_tablet&quot;:{&quot;unit&quot;:&quot;px&quot;,&quot;size&quot;:&quot;&quot;,&quot;sizes&quot;:[]},&quot;_transform_translateY_effect_mobile&quot;:{&quot;unit&quot;:&quot;px&quot;,&quot;size&quot;:&quot;&quot;,&quot;sizes&quot;:[]},&quot;_transform_scale_effect_tablet&quot;:{&quot;unit&quot;:&quot;px&quot;,&quot;size&quot;:&quot;&quot;,&quot;sizes&quot;:[]},&quot;_transform_scale_effect_mobile&quot;:{&quot;unit&quot;:&quot;px&quot;,&quot;size&quot;:&quot;&quot;,&quot;sizes&quot;:[]},&quot;_transform_skewX_effect_tablet&quot;:{&quot;unit&quot;:&quot;deg&quot;,&quot;size&quot;:&quot;&quot;,&quot;sizes&quot;:[]},&quot;_transform_skewX_effect_mobile&quot;:{&quot;unit&quot;:&quot;deg&quot;,&quot;size&quot;:&quot;&quot;,&quot;sizes&quot;:[]},&quot;_transform_skewY_effect&quot;:{&quot;unit&quot;:&quot;px&quot;,&quot;size&quot;:&quot;&quot;,&quot;sizes&quot;:[]},&quot;_transform_skewY_effect_tablet&quot;:{&quot;unit&quot;:&quot;deg&quot;,&quot;size&quot;:&quot;&quot;,&quot;sizes&quot;:[]},&quot;_transform_skewY_effect_mobile&quot;:{&quot;unit&quot;:&quot;deg&quot;,&quot;size&quot;:&quot;&quot;,&quot;sizes&quot;:[]}}\" data-widget_type=\"button.default\">\n\t\t\t\t<div class=\"elementor-widget-container\">\n\t\t\t\t\t\t\t\t\t<div class=\"elementor-button-wrapper\">\n\t\t\t\t\t<a class=\"elementor-button elementor-button-link elementor-size-sm\" href=\"https:\/\/sc-econsult.com\/en\/kontakt\/\">\n\t\t\t\t\t\t<span class=\"elementor-button-content-wrapper\">\n\t\t\t\t\t\t<span class=\"elementor-button-icon\">\n\t\t\t\t<svg aria-hidden=\"true\" class=\"e-font-icon-svg e-far-paper-plane\" viewbox=\"0 0 512 512\" xmlns=\"http:\/\/www.w3.org\/2000\/svg\"><path d=\"M440 6.5L24 246.4c-34.4 19.9-31.1 70.8 5.7 85.9L144 379.6V464c0 46.4 59.2 65.5 86.6 28.6l43.8-59.1 111.9 46.2c5.9 2.4 12.1 3.6 18.3 3.6 8.2 0 16.3-2.1 23.6-6.2 12.8-7.2 21.6-20 23.9-34.5l59.4-387.2c6.1-40.1-36.9-68.8-71.5-48.9zM192 464v-64.6l36.6 15.1L192 464zm212.6-28.7l-153.8-63.5L391 169.5c10.7-15.5-9.5-33.5-23.7-21.2L155.8 332.6 48 288 464 48l-59.4 387.3z\"><\/path><\/svg>\t\t\t<\/span>\n\t\t\t\t\t\t\t\t\t<span class=\"elementor-button-text\">Contact us for more information<\/span>\n\t\t\t\t\t<\/span>\n\t\t\t\t\t<\/a>\n\t\t\t\t<\/div>\n\t\t\t\t\t\t\t\t<\/div>\n\t\t\t\t<\/div>\n\t\t\t\t<\/div>\n\t\t\t\t<\/div>","protected":false},"excerpt":{"rendered":"<p>prethodna stranica Optimizacija operativnih procesa Za\u0161to je za tr\u017ei\u0161nu konkurentnost neophodna optimizacija operativnih procesa unutar preduze\u0107a? \u00a0 Na\u0161e usluge u optimizaciji operativnih procesa, kao \u0161to su automatizacija, digitalizacija i uskla\u0111ivanje procesa, predstavljaju zna\u010dajne alate za unapre\u0111enje poslovanja u razli\u010ditim sferama rada. Sprovo\u0111enjem rje\u0161enja za optimizaciju procesa, kompanije mogu zna\u010dajno pove\u0107ati efikasnost, smanjiti tro\u0161kove i pobolj\u0161ati [&hellip;]<\/p>","protected":false},"author":1,"featured_media":0,"parent":0,"menu_order":0,"comment_status":"closed","ping_status":"closed","template":"","meta":{"site-sidebar-layout":"no-sidebar","site-content-layout":"page-builder","ast-site-content-layout":"full-width-container","site-content-style":"default","site-sidebar-style":"default","ast-global-header-display":"","ast-banner-title-visibility":"","ast-main-header-display":"","ast-hfb-above-header-display":"","ast-hfb-below-header-display":"","ast-hfb-mobile-header-display":"","site-post-title":"disabled","ast-breadcrumbs-content":"","ast-featured-img":"disabled","footer-sml-layout":"","ast-disable-related-posts":"","theme-transparent-header-meta":"","adv-header-id-meta":"","stick-header-meta":"","header-above-stick-meta":"","header-main-stick-meta":"","header-below-stick-meta":"","astra-migrate-meta-layouts":"set","ast-page-background-enabled":"default","ast-page-background-meta":{"desktop":{"background-color":"","background-image":"","background-repeat":"repeat","background-position":"center center","background-size":"auto","background-attachment":"scroll","background-type":"","background-media":"","overlay-type":"","overlay-color":"","overlay-opacity":"","overlay-gradient":""},"tablet":{"background-color":"","background-image":"","background-repeat":"repeat","background-position":"center center","background-size":"auto","background-attachment":"scroll","background-type":"","background-media":"","overlay-type":"","overlay-color":"","overlay-opacity":"","overlay-gradient":""},"mobile":{"background-color":"","background-image":"","background-repeat":"repeat","background-position":"center center","background-size":"auto","background-attachment":"scroll","background-type":"","background-media":"","overlay-type":"","overlay-color":"","overlay-opacity":"","overlay-gradient":""}},"ast-content-background-meta":{"desktop":{"background-color":"var(--ast-global-color-5)","background-image":"","background-repeat":"repeat","background-position":"center center","background-size":"auto","background-attachment":"scroll","background-type":"","background-media":"","overlay-type":"","overlay-color":"","overlay-opacity":"","overlay-gradient":""},"tablet":{"background-color":"var(--ast-global-color-5)","background-image":"","background-repeat":"repeat","background-position":"center center","background-size":"auto","background-attachment":"scroll","background-type":"","background-media":"","overlay-type":"","overlay-color":"","overlay-opacity":"","overlay-gradient":""},"mobile":{"background-color":"var(--ast-global-color-5)","background-image":"","background-repeat":"repeat","background-position":"center center","background-size":"auto","background-attachment":"scroll","background-type":"","background-media":"","overlay-type":"","overlay-color":"","overlay-opacity":"","overlay-gradient":""}},"footnotes":""},"class_list":["post-3434","page","type-page","status-publish","hentry"],"_links":{"self":[{"href":"https:\/\/sc-econsult.com\/en\/wp-json\/wp\/v2\/pages\/3434","targetHints":{"allow":["GET"]}}],"collection":[{"href":"https:\/\/sc-econsult.com\/en\/wp-json\/wp\/v2\/pages"}],"about":[{"href":"https:\/\/sc-econsult.com\/en\/wp-json\/wp\/v2\/types\/page"}],"author":[{"embeddable":true,"href":"https:\/\/sc-econsult.com\/en\/wp-json\/wp\/v2\/users\/1"}],"replies":[{"embeddable":true,"href":"https:\/\/sc-econsult.com\/en\/wp-json\/wp\/v2\/comments?post=3434"}],"version-history":[{"count":133,"href":"https:\/\/sc-econsult.com\/en\/wp-json\/wp\/v2\/pages\/3434\/revisions"}],"predecessor-version":[{"id":6760,"href":"https:\/\/sc-econsult.com\/en\/wp-json\/wp\/v2\/pages\/3434\/revisions\/6760"}],"wp:attachment":[{"href":"https:\/\/sc-econsult.com\/en\/wp-json\/wp\/v2\/media?parent=3434"}],"curies":[{"name":"wp","href":"https:\/\/api.w.org\/{rel}","templated":true}]}}