{"id":961,"date":"2024-10-07T13:13:32","date_gmt":"2024-10-07T13:13:32","guid":{"rendered":"https:\/\/sc-econsult.com\/?page_id=961"},"modified":"2025-02-19T12:39:44","modified_gmt":"2025-02-19T12:39:44","slug":"analiza-dobavljaca","status":"publish","type":"page","link":"https:\/\/sc-econsult.com\/en\/analiza-dobavljaca\/","title":{"rendered":"Supplier engagement"},"content":{"rendered":"<div data-elementor-type=\"wp-page\" data-elementor-id=\"961\" class=\"elementor elementor-961\">\n\t\t\t\t<div class=\"elementor-element elementor-element-6bc671b e-flex e-con-boxed e-con e-parent\" data-id=\"6bc671b\" data-element_type=\"container\" data-e-type=\"container\">\n\t\t\t\t\t<div class=\"e-con-inner\">\n\t\t\t\t\t<\/div>\n\t\t\t\t<\/div>\n\t\t<div class=\"elementor-element elementor-element-b148ade e-con-full e-flex e-con e-parent\" data-id=\"b148ade\" data-element_type=\"container\" data-e-type=\"container\">\n\t\t<div class=\"elementor-element elementor-element-69e1e3c e-flex e-con-boxed e-con e-child\" data-id=\"69e1e3c\" data-element_type=\"container\" data-e-type=\"container\">\n\t\t\t\t\t<div class=\"e-con-inner\">\n\t\t\t\t<div class=\"elementor-element elementor-element-b00e6d3 elementor-widget elementor-widget-html\" data-id=\"b00e6d3\" data-element_type=\"widget\" data-e-type=\"widget\" data-widget_type=\"html.default\">\n\t\t\t\t<div class=\"elementor-widget-container\">\n\t\t\t\t\t<style>\r\n    .go-back-button {\r\n        display: inline-flex;\r\n        align-items: center;\r\n        padding: 10px 20px;\r\n        background-color: #333333;\r\n        color: #ffffff;\r\n        border: none;\r\n        border-radius: 5px;\r\n        cursor: pointer;\r\n        font-size: 20px;\r\n        text-decoration: none;\r\n        transition: color 0.3s ease, background-color 0.3s ease;\r\n    }\r\n    \r\n    .go-back-button:hover {\r\n        color: #8A95A5;\r\n        background-color: #333333;\r\n    }\r\n    \r\n    .go-back-button svg {\r\n        margin-right: 8px;\r\n        fill: currentColor;\r\n    }\r\n<\/style>\r\n\r\n<button class=\"go-back-button\" onclick=\"window.history.back();\">\r\n    <svg width=\"20\" height=\"20\" viewbox=\"0 0 24 24\" fill=\"none\" xmlns=\"http:\/\/www.w3.org\/2000\/svg\">\r\n        <path d=\"M15 6L9 12L15 18\" stroke=\"currentColor\" stroke-width=\"2\" stroke-linecap=\"round\" stroke-linejoin=\"round\"\/>\r\n    <\/svg>\r\n    go back\r\n<\/button>\r\n\r\n\t\t\t\t<\/div>\n\t\t\t\t<\/div>\n\t\t\t\t\t<\/div>\n\t\t\t\t<\/div>\n\t\t\t\t<div class=\"elementor-element elementor-element-91c9bee elementor-widget__width-inherit elementor-hidden-tablet elementor-hidden-mobile elementor-widget elementor-widget-image\" data-id=\"91c9bee\" data-element_type=\"widget\" data-e-type=\"widget\" data-widget_type=\"image.default\">\n\t\t\t\t<div class=\"elementor-widget-container\">\n\t\t\t\t\t\t\t\t\t\t\t\t\t\t\t<img fetchpriority=\"high\" decoding=\"async\" width=\"2048\" height=\"803\" src=\"https:\/\/sc-econsult.com\/wp-content\/uploads\/2025\/03\/Data-management-analytics-3.png\" class=\"attachment-2048x2048 size-2048x2048 wp-image-3616\" alt=\"Informacije o dobavlja\u010dima, odr\u017eivost, uskla\u0111enost\" srcset=\"https:\/\/sc-econsult.com\/wp-content\/uploads\/2025\/03\/Data-management-analytics-3.png 5000w, https:\/\/sc-econsult.com\/wp-content\/uploads\/2025\/03\/Data-management-analytics-3-300x119.png 300w, https:\/\/sc-econsult.com\/wp-content\/uploads\/2025\/03\/Data-management-analytics-3-1024x405.png 1024w, https:\/\/sc-econsult.com\/wp-content\/uploads\/2025\/03\/Data-management-analytics-3-768x304.png 768w, https:\/\/sc-econsult.com\/wp-content\/uploads\/2025\/03\/Data-management-analytics-3-1536x608.png 1536w, https:\/\/sc-econsult.com\/wp-content\/uploads\/2025\/03\/Data-management-analytics-3-2048x810.png 2048w, https:\/\/sc-econsult.com\/wp-content\/uploads\/2025\/03\/Data-management-analytics-3-18x7.png 18w\" sizes=\"(max-width: 2048px) 100vw, 2048px\" title=\"\">\t\t\t\t\t\t\t\t\t\t\t\t\t\t\t<\/div>\n\t\t\t\t<\/div>\n\t\t\t\t<\/div>\n\t\t<div class=\"elementor-element elementor-element-9d2ff37 e-con-full elementor-hidden-desktop e-flex e-con e-parent\" data-id=\"9d2ff37\" data-element_type=\"container\" data-e-type=\"container\">\n\t\t\t\t<div class=\"elementor-element elementor-element-2ea6353 elementor-widget__width-inherit elementor-hidden-desktop elementor-widget-mobile__width-inherit elementor-widget elementor-widget-image\" data-id=\"2ea6353\" data-element_type=\"widget\" data-e-type=\"widget\" data-widget_type=\"image.default\">\n\t\t\t\t<div class=\"elementor-widget-container\">\n\t\t\t\t\t\t\t\t\t\t\t\t\t\t\t<img decoding=\"async\" width=\"539\" height=\"1024\" src=\"https:\/\/sc-econsult.com\/wp-content\/uploads\/2025\/03\/Supplier-engagement-2.png\" class=\"attachment-large size-large wp-image-3617\" alt=\"Informacije o dobavlja\u010dima, odr\u017eivost, uskla\u0111enost\" srcset=\"https:\/\/sc-econsult.com\/wp-content\/uploads\/2025\/03\/Supplier-engagement-2.png 4216w, https:\/\/sc-econsult.com\/wp-content\/uploads\/2025\/03\/Supplier-engagement-2-158x300.png 158w, https:\/\/sc-econsult.com\/wp-content\/uploads\/2025\/03\/Supplier-engagement-2-540x1024.png 540w, https:\/\/sc-econsult.com\/wp-content\/uploads\/2025\/03\/Supplier-engagement-2-768x1457.png 768w, https:\/\/sc-econsult.com\/wp-content\/uploads\/2025\/03\/Supplier-engagement-2-809x1536.png 809w, https:\/\/sc-econsult.com\/wp-content\/uploads\/2025\/03\/Supplier-engagement-2-1079x2048.png 1079w, https:\/\/sc-econsult.com\/wp-content\/uploads\/2025\/03\/Supplier-engagement-2-6x12.png 6w\" sizes=\"(max-width: 539px) 100vw, 539px\" title=\"\">\t\t\t\t\t\t\t\t\t\t\t\t\t\t\t<\/div>\n\t\t\t\t<\/div>\n\t\t\t\t<\/div>\n\t\t<div class=\"elementor-element elementor-element-01253b1 e-con-full e-flex e-con e-parent\" data-id=\"01253b1\" data-element_type=\"container\" data-e-type=\"container\">\n\t\t\t\t<div class=\"elementor-element elementor-element-8ec6afe elementor-widget__width-inherit elementor-widget elementor-widget-heading\" data-id=\"8ec6afe\" data-element_type=\"widget\" data-e-type=\"widget\" data-widget_type=\"heading.default\">\n\t\t\t\t<div class=\"elementor-widget-container\">\n\t\t\t\t\t<h2 class=\"elementor-heading-title elementor-size-default\">Supplier engagement<\/h2>\t\t\t\t<\/div>\n\t\t\t\t<\/div>\n\t\t\t\t<div class=\"elementor-element elementor-element-bd1a826 elementor-widget elementor-widget-text-editor\" data-id=\"bd1a826\" data-element_type=\"widget\" data-e-type=\"widget\" data-widget_type=\"text-editor.default\">\n\t\t\t\t<div class=\"elementor-widget-container\">\n\t\t\t\t\t\t\t\t\t<h3>Why is it necessary to have proper data and information exchange with your suppliers?<\/h3><div class=\"flex-shrink-0 flex flex-col relative items-end\"><div><div class=\"pt-0\"><div class=\"gizmo-bot-avatar flex h-8 w-8 items-center justify-center overflow-hidden rounded-full\"><div class=\"relative p-1 rounded-sm flex items-center justify-center bg-token-main-surface-primary text-token-text-primary h-8 w-8\">\u00a0<\/div><\/div><\/div><\/div><\/div><div class=\"group\/conversation-turn relative flex w-full min-w-0 flex-col agent-turn\"><div class=\"flex-col gap-1 md:gap-3\"><div class=\"flex max-w-full flex-col flex-grow\"><div class=\"min-h-8 text-message flex w-full flex-col items-end gap-2 whitespace-normal break-words [.text-message+&amp;]:mt-5\" dir=\"auto\" data-message-author-role=\"assistant\" data-message-id=\"859e4983-4063-4a20-b051-5cad313da016\" data-message-model-slug=\"gpt-4o\"><div class=\"flex w-full flex-col gap-1 empty:hidden first:pt-[3px]\"><div class=\"markdown prose w-full break-words dark:prose-invert light\"><p>With significant advantages in attracting financial capital from an increasing number of investors focused on sustainable production, and in an increasingly stringent regulatory environment within the European Union related to sustainable and responsible business practices, it is becoming crucial for companies from both the EU and third countries to actively engage in collecting detailed information about the products they source from their suppliers\u2014commonly known as supplier analysis.  \n\nTransparency in the supply chain not only improves business efficiency but also ensures compliance with new EU regulations, which increasingly require data on the composition, origin, and environmental impact of these products.<\/p><p>This information is particularly important for compliance with upcoming EU regulations under the EU Green Deal, and some of these regulations include: <strong>Corporate Sustainability Reporting Directive (CSRD)<\/strong> and <strong>Carbon Border Adjustment Mechanism (CBAM)<\/strong>, which require companies to accurately report on sustainability and product emissions throughout the entire supply chain. For example, CSRD will mandate companies to provide comprehensive information on environmental, social, and governance (ESG) factors related to their products and suppliers. Meanwhile, CBAM will require data on the CO2 footprint of imports to support the green transition in alignment with EU goals.  \n\nAdditionally, regulations such as REACH, RoHS, and MSDS also require the submission of specific information to ensure compliance with safety, environmental, and chemical substance standards.<\/p><p>This is precisely why actively collecting information and having timely access to product data has become a fundamental prerequisite for building a sustainable business and maintaining competitiveness in the European market. Ensuring compliance with these regulations allows companies to meet regulatory requirements and contribute to European sustainability standards.<\/p><\/div><\/div><\/div><\/div><\/div><\/div>\t\t\t\t\t\t\t\t<\/div>\n\t\t\t\t<\/div>\n\t\t\t\t<div class=\"elementor-element elementor-element-661794a text-expander elementor-widget elementor-widget-n-accordion\" data-id=\"661794a\" data-element_type=\"widget\" data-e-type=\"widget\" data-settings=\"{&quot;default_state&quot;:&quot;all_collapsed&quot;,&quot;n_accordion_animation_duration&quot;:{&quot;unit&quot;:&quot;ms&quot;,&quot;size&quot;:650,&quot;sizes&quot;:[]},&quot;max_items_expended&quot;:&quot;one&quot;}\" data-widget_type=\"nested-accordion.default\">\n\t\t\t\t<div class=\"elementor-widget-container\">\n\t\t\t\t\t\t\t<div class=\"e-n-accordion\" aria-label=\"Accordion. Open links with Enter or Space, close with Escape, and navigate with Arrow Keys\">\n\t\t\t\t\t\t<details id=\"e-n-accordion-item-1070\" class=\"e-n-accordion-item\" >\n\t\t\t\t<summary class=\"e-n-accordion-item-title\" data-accordion-index=\"1\" tabindex=\"0\" aria-expanded=\"false\" aria-controls=\"e-n-accordion-item-1070\" >\n\t\t\t\t\t<span class='e-n-accordion-item-title-header'><h2 class=\"e-n-accordion-item-title-text\"> Read <span class=\"read-more\">more - which companies can benefit the most?<\/span><span class=\"read-less\">less..<\/span> <\/h2><\/span>\n\t\t\t\t\t\t\t\t\t<\/summary>\n\t\t\t\t<div role=\"region\" aria-labelledby=\"e-n-accordion-item-1070\" class=\"elementor-element elementor-element-c4382c3 e-con-full e-flex e-con e-child\" data-id=\"c4382c3\" data-element_type=\"container\" data-e-type=\"container\">\n\t\t\t\t<div class=\"elementor-element elementor-element-193e777 elementor-widget elementor-widget-text-editor\" data-id=\"193e777\" data-element_type=\"widget\" data-e-type=\"widget\" data-widget_type=\"text-editor.default\">\n\t\t\t\t<div class=\"elementor-widget-container\">\n\t\t\t\t\t\t\t\t\t<h3>Which companies can make advantage?<\/h3><p>In addition to the extensive range of other laws related to the European Green Deal, the current focus is on the CSRD and CBAM regulations.  \n\nThe CSRD regulation will impact all large, medium, and small enterprises (whose securities are traded on a regulated market within the Union\u2014excluding micro-enterprises), both within and outside the EU, that exceed a certain number of employees or a specific net revenue threshold.  \n\nOn the other hand, the CBAM regulation and its enforcement are limited to sectors with high carbon dioxide (CO\u2082) emissions and products that have a significant environmental impact. These sectors include:<\/p><ol><li><p><strong>Energy sector<\/strong> \u2013 CBAM applies to electricity production, as power plants often have high CO\u2082 emissions due to the use of non-clean fuels in the generation process.\u00a0<\/p><\/li><li><p><strong>Steel and iron industry<\/strong>\u00a0\u2013 Steel and iron production is among the largest polluters during the manufacturing process due to the high temperatures required for metal smelting. Therefore, it is included in the CBAM regulation list.<\/p><\/li><li><p><strong>Cement industry<\/strong> \u2013 Cement production also generates significant CO\u2082 emissions, as the manufacturing process is highly energy-intensive. As a result, the new CBAM regulations cover this sector.<\/p><\/li><li><p><strong>Fertilizer production<\/strong> \u2013 Fertilizer production, especially nitrogen-based fertilizers, generates high CO\u2082 emissions and other gases that are highly harmful to the environment. This sector is also included in the CBAM regulation.<\/p><\/li><li><p><strong>Aluminium industry<\/strong> \u2013 As an energy-intensive product, aluminium is a major CO\u2082 emitter during production, which is why it is often associated with high emissions and is included under the CBAM regulation.<\/p><\/li><li><strong>Hidrogen production<\/strong> \u2013 Also included among the six initial sectors covered by the CBAM regulation.<\/li><\/ol><p>Other industries are currently not part of the CBAM regulation and its reporting requirements. However, after the initial implementation of this law, there is a possibility of expanding it to include other energy-intensive and environmentally impactful sectors, such as the paper, wood, and chemical industries.<\/p><p>Additionally, REACH covers product information for items such as toys, textiles, rubber, and electronics, while RoHS focuses on electrical products, and MSDS applies to hazardous chemicals.<\/p>\t\t\t\t\t\t\t\t<\/div>\n\t\t\t\t<\/div>\n\t\t\t\t<\/div>\n\t\t\t\t\t<\/details>\n\t\t\t\t\t\t<details id=\"e-n-accordion-item-1071\" class=\"e-n-accordion-item\" >\n\t\t\t\t<summary class=\"e-n-accordion-item-title\" data-accordion-index=\"2\" tabindex=\"-1\" aria-expanded=\"false\" aria-controls=\"e-n-accordion-item-1071\" >\n\t\t\t\t\t<span class='e-n-accordion-item-title-header'><h2 class=\"e-n-accordion-item-title-text\"> Read <span class=\"read-more\">more - how can our consulting services help?<\/span><span class=\"read-less\">less..<\/span> <\/h2><\/span>\n\t\t\t\t\t\t\t\t\t<\/summary>\n\t\t\t\t<div role=\"region\" aria-labelledby=\"e-n-accordion-item-1071\" class=\"elementor-element elementor-element-3a7ec1c e-con-full e-flex e-con e-child\" data-id=\"3a7ec1c\" data-element_type=\"container\" data-e-type=\"container\">\n\t\t\t\t<div class=\"elementor-element elementor-element-1419906 elementor-widget elementor-widget-text-editor\" data-id=\"1419906\" data-element_type=\"widget\" data-e-type=\"widget\" data-widget_type=\"text-editor.default\">\n\t\t\t\t<div class=\"elementor-widget-container\">\n\t\t\t\t\t\t\t\t\t<h3>Services we offer<\/h3><div class=\"flex-shrink-0 flex flex-col relative items-end\"><div><div class=\"pt-0\"><div class=\"gizmo-bot-avatar flex h-8 w-8 items-center justify-center overflow-hidden rounded-full\"><div class=\"relative p-1 rounded-sm flex items-center justify-center bg-token-main-surface-primary text-token-text-primary h-8 w-8\">\u00a0<\/div><\/div><\/div><\/div><\/div><div class=\"group\/conversation-turn relative flex w-full min-w-0 flex-col agent-turn\"><div class=\"flex-col gap-1 md:gap-3\"><div class=\"flex max-w-full flex-col flex-grow\"><div class=\"min-h-8 text-message flex w-full flex-col items-end gap-2 whitespace-normal break-words [.text-message+&amp;]:mt-5\" dir=\"auto\" data-message-author-role=\"assistant\" data-message-id=\"cc3ae180-7ebd-4998-8695-cf33cb4bd78c\" data-message-model-slug=\"gpt-4o\"><div class=\"flex w-full flex-col gap-1 empty:hidden first:pt-[3px]\"><div class=\"markdown prose w-full break-words dark:prose-invert light\"><p>As many of these requirements are new and demand extensive resources, our services play a crucial role in supporting companies in collecting, organizing, and aligning key data related to specific regulations. Beyond compliance, we also help businesses enhance their attractiveness to the financial investment market.  \n\nSome of the services we offer include:<\/p><\/div><\/div><\/div><\/div><\/div><\/div><ol><li><p><strong>Data collection and centralization<\/strong> \u2013 We help you collect all necessary data from suppliers, manufacturers, and internal departments, then centralize the information in one place. This ensures that all data required for regulatory compliance is easily accessible, simplifying analysis and reducing errors that may arise during the information exchange process.<\/p><\/li><li><p><strong>Processing of collected data based on specific regulations<\/strong><\/p><\/li><li><p><strong>Support in updating and creating Material Safety Data Sheet (MSDS) documents.<\/strong><\/p><\/li><li><p><strong>Consultation and training \u2013 <\/strong>We provide expert guidance and employee training to enhance understanding of regulations, requirements, and reporting procedures.<\/p><\/li><li><p><b>Preparation of Life Cycle Analysis (LCA) product reports <\/b>\u2013 Includes all collected data, methodology, and conclusions. These reports are essential for companies seeking transparent reporting to investors and partners.<\/p><\/li><\/ol><p>Our services enable monitoring, compliance, and timely fulfilment of strict and complex legal frameworks.<\/p>\t\t\t\t\t\t\t\t<\/div>\n\t\t\t\t<\/div>\n\t\t\t\t<\/div>\n\t\t\t\t\t<\/details>\n\t\t\t\t\t<\/div>\n\t\t\t\t\t\t<\/div>\n\t\t\t\t<\/div>\n\t\t\t\t<\/div>\n\t\t<div class=\"elementor-element elementor-element-769e44b e-con-full e-transform e-transform e-flex e-con e-parent\" data-id=\"769e44b\" data-element_type=\"container\" data-e-type=\"container\" data-settings=\"{&quot;background_background&quot;:&quot;classic&quot;,&quot;_transform_scale_effect_mobile&quot;:{&quot;unit&quot;:&quot;px&quot;,&quot;size&quot;:0.7,&quot;sizes&quot;:[]},&quot;_transform_scale_effect&quot;:{&quot;unit&quot;:&quot;px&quot;,&quot;size&quot;:&quot;&quot;,&quot;sizes&quot;:[]},&quot;_transform_scale_effect_tablet&quot;:{&quot;unit&quot;:&quot;px&quot;,&quot;size&quot;:&quot;&quot;,&quot;sizes&quot;:[]},&quot;_transform_skewX_effect&quot;:{&quot;unit&quot;:&quot;px&quot;,&quot;size&quot;:&quot;&quot;,&quot;sizes&quot;:[]},&quot;_transform_skewX_effect_tablet&quot;:{&quot;unit&quot;:&quot;deg&quot;,&quot;size&quot;:&quot;&quot;,&quot;sizes&quot;:[]},&quot;_transform_skewX_effect_mobile&quot;:{&quot;unit&quot;:&quot;deg&quot;,&quot;size&quot;:&quot;&quot;,&quot;sizes&quot;:[]},&quot;_transform_skewY_effect&quot;:{&quot;unit&quot;:&quot;px&quot;,&quot;size&quot;:&quot;&quot;,&quot;sizes&quot;:[]},&quot;_transform_skewY_effect_tablet&quot;:{&quot;unit&quot;:&quot;deg&quot;,&quot;size&quot;:&quot;&quot;,&quot;sizes&quot;:[]},&quot;_transform_skewY_effect_mobile&quot;:{&quot;unit&quot;:&quot;deg&quot;,&quot;size&quot;:&quot;&quot;,&quot;sizes&quot;:[]}}\">\n\t\t<div class=\"elementor-element elementor-element-4b900f1 e-con-full e-flex e-con e-child\" data-id=\"4b900f1\" data-element_type=\"container\" data-e-type=\"container\">\n\t\t\t\t<\/div>\n\t\t\t\t<div class=\"elementor-element elementor-element-743b209 elementor-button-success elementor-align-center elementor-widget-mobile__width-inherit animated-slow e-transform e-transform e-transform e-transform elementor-invisible elementor-widget elementor-widget-button\" data-id=\"743b209\" data-element_type=\"widget\" data-e-type=\"widget\" data-settings=\"{&quot;_animation&quot;:&quot;flash&quot;,&quot;_transform_rotateZ_effect&quot;:{&quot;unit&quot;:&quot;px&quot;,&quot;size&quot;:0,&quot;sizes&quot;:[]},&quot;_transform_translateX_effect&quot;:{&quot;unit&quot;:&quot;px&quot;,&quot;size&quot;:0,&quot;sizes&quot;:[]},&quot;_transform_scale_effect&quot;:{&quot;unit&quot;:&quot;px&quot;,&quot;size&quot;:1.4,&quot;sizes&quot;:[]},&quot;_transform_skewX_effect&quot;:{&quot;unit&quot;:&quot;px&quot;,&quot;size&quot;:-360,&quot;sizes&quot;:[]},&quot;_transform_rotateZ_effect_tablet&quot;:{&quot;unit&quot;:&quot;deg&quot;,&quot;size&quot;:&quot;&quot;,&quot;sizes&quot;:[]},&quot;_transform_rotateZ_effect_mobile&quot;:{&quot;unit&quot;:&quot;deg&quot;,&quot;size&quot;:&quot;&quot;,&quot;sizes&quot;:[]},&quot;_transform_translateX_effect_tablet&quot;:{&quot;unit&quot;:&quot;px&quot;,&quot;size&quot;:&quot;&quot;,&quot;sizes&quot;:[]},&quot;_transform_translateX_effect_mobile&quot;:{&quot;unit&quot;:&quot;px&quot;,&quot;size&quot;:&quot;&quot;,&quot;sizes&quot;:[]},&quot;_transform_translateY_effect&quot;:{&quot;unit&quot;:&quot;px&quot;,&quot;size&quot;:&quot;&quot;,&quot;sizes&quot;:[]},&quot;_transform_translateY_effect_tablet&quot;:{&quot;unit&quot;:&quot;px&quot;,&quot;size&quot;:&quot;&quot;,&quot;sizes&quot;:[]},&quot;_transform_translateY_effect_mobile&quot;:{&quot;unit&quot;:&quot;px&quot;,&quot;size&quot;:&quot;&quot;,&quot;sizes&quot;:[]},&quot;_transform_scale_effect_tablet&quot;:{&quot;unit&quot;:&quot;px&quot;,&quot;size&quot;:&quot;&quot;,&quot;sizes&quot;:[]},&quot;_transform_scale_effect_mobile&quot;:{&quot;unit&quot;:&quot;px&quot;,&quot;size&quot;:&quot;&quot;,&quot;sizes&quot;:[]},&quot;_transform_skewX_effect_tablet&quot;:{&quot;unit&quot;:&quot;deg&quot;,&quot;size&quot;:&quot;&quot;,&quot;sizes&quot;:[]},&quot;_transform_skewX_effect_mobile&quot;:{&quot;unit&quot;:&quot;deg&quot;,&quot;size&quot;:&quot;&quot;,&quot;sizes&quot;:[]},&quot;_transform_skewY_effect&quot;:{&quot;unit&quot;:&quot;px&quot;,&quot;size&quot;:&quot;&quot;,&quot;sizes&quot;:[]},&quot;_transform_skewY_effect_tablet&quot;:{&quot;unit&quot;:&quot;deg&quot;,&quot;size&quot;:&quot;&quot;,&quot;sizes&quot;:[]},&quot;_transform_skewY_effect_mobile&quot;:{&quot;unit&quot;:&quot;deg&quot;,&quot;size&quot;:&quot;&quot;,&quot;sizes&quot;:[]}}\" data-widget_type=\"button.default\">\n\t\t\t\t<div class=\"elementor-widget-container\">\n\t\t\t\t\t\t\t\t\t<div class=\"elementor-button-wrapper\">\n\t\t\t\t\t<a class=\"elementor-button elementor-button-link elementor-size-sm\" href=\"https:\/\/sc-econsult.com\/en\/kontakt\/\">\n\t\t\t\t\t\t<span class=\"elementor-button-content-wrapper\">\n\t\t\t\t\t\t<span class=\"elementor-button-icon\">\n\t\t\t\t<svg aria-hidden=\"true\" class=\"e-font-icon-svg e-far-paper-plane\" viewbox=\"0 0 512 512\" xmlns=\"http:\/\/www.w3.org\/2000\/svg\"><path d=\"M440 6.5L24 246.4c-34.4 19.9-31.1 70.8 5.7 85.9L144 379.6V464c0 46.4 59.2 65.5 86.6 28.6l43.8-59.1 111.9 46.2c5.9 2.4 12.1 3.6 18.3 3.6 8.2 0 16.3-2.1 23.6-6.2 12.8-7.2 21.6-20 23.9-34.5l59.4-387.2c6.1-40.1-36.9-68.8-71.5-48.9zM192 464v-64.6l36.6 15.1L192 464zm212.6-28.7l-153.8-63.5L391 169.5c10.7-15.5-9.5-33.5-23.7-21.2L155.8 332.6 48 288 464 48l-59.4 387.3z\"><\/path><\/svg>\t\t\t<\/span>\n\t\t\t\t\t\t\t\t\t<span class=\"elementor-button-text\">Contact us for more information<\/span>\n\t\t\t\t\t<\/span>\n\t\t\t\t\t<\/a>\n\t\t\t\t<\/div>\n\t\t\t\t\t\t\t\t<\/div>\n\t\t\t\t<\/div>\n\t\t\t\t<\/div>\n\t\t\t\t<\/div>","protected":false},"excerpt":{"rendered":"<p>prethodna stranica Analiza dobavlja\u010da Za\u0161to je neophodno imati odgovaraju\u0107u razmjenu podataka i informacija sa Va\u0161im dobavlja\u010dima? \u00a0 Uz velike prednosti za privla\u010denje finansijskog kapitala sve ve\u0107eg broja investitora koji ula\u017eu u odr\u017eivu proizvodnju, ali i u sve stro\u017eem regulatornom okru\u017eenju Evropske Unije, povezanog sa odr\u017eivim i odgovornim poslovanjem, postaje klju\u010dno za kompanije iz EU i [&hellip;]<\/p>","protected":false},"author":1,"featured_media":0,"parent":0,"menu_order":0,"comment_status":"closed","ping_status":"closed","template":"","meta":{"site-sidebar-layout":"no-sidebar","site-content-layout":"page-builder","ast-site-content-layout":"full-width-container","site-content-style":"default","site-sidebar-style":"default","ast-global-header-display":"","ast-banner-title-visibility":"","ast-main-header-display":"","ast-hfb-above-header-display":"","ast-hfb-below-header-display":"","ast-hfb-mobile-header-display":"","site-post-title":"disabled","ast-breadcrumbs-content":"","ast-featured-img":"disabled","footer-sml-layout":"","ast-disable-related-posts":"","theme-transparent-header-meta":"","adv-header-id-meta":"","stick-header-meta":"","header-above-stick-meta":"","header-main-stick-meta":"","header-below-stick-meta":"","astra-migrate-meta-layouts":"set","ast-page-background-enabled":"default","ast-page-background-meta":{"desktop":{"background-color":"","background-image":"","background-repeat":"repeat","background-position":"center center","background-size":"auto","background-attachment":"scroll","background-type":"","background-media":"","overlay-type":"","overlay-color":"","overlay-opacity":"","overlay-gradient":""},"tablet":{"background-color":"","background-image":"","background-repeat":"repeat","background-position":"center center","background-size":"auto","background-attachment":"scroll","background-type":"","background-media":"","overlay-type":"","overlay-color":"","overlay-opacity":"","overlay-gradient":""},"mobile":{"background-color":"","background-image":"","background-repeat":"repeat","background-position":"center center","background-size":"auto","background-attachment":"scroll","background-type":"","background-media":"","overlay-type":"","overlay-color":"","overlay-opacity":"","overlay-gradient":""}},"ast-content-background-meta":{"desktop":{"background-color":"var(--ast-global-color-5)","background-image":"","background-repeat":"repeat","background-position":"center center","background-size":"auto","background-attachment":"scroll","background-type":"","background-media":"","overlay-type":"","overlay-color":"","overlay-opacity":"","overlay-gradient":""},"tablet":{"background-color":"var(--ast-global-color-5)","background-image":"","background-repeat":"repeat","background-position":"center center","background-size":"auto","background-attachment":"scroll","background-type":"","background-media":"","overlay-type":"","overlay-color":"","overlay-opacity":"","overlay-gradient":""},"mobile":{"background-color":"var(--ast-global-color-5)","background-image":"","background-repeat":"repeat","background-position":"center center","background-size":"auto","background-attachment":"scroll","background-type":"","background-media":"","overlay-type":"","overlay-color":"","overlay-opacity":"","overlay-gradient":""}},"footnotes":""},"class_list":["post-961","page","type-page","status-publish","hentry"],"_links":{"self":[{"href":"https:\/\/sc-econsult.com\/en\/wp-json\/wp\/v2\/pages\/961","targetHints":{"allow":["GET"]}}],"collection":[{"href":"https:\/\/sc-econsult.com\/en\/wp-json\/wp\/v2\/pages"}],"about":[{"href":"https:\/\/sc-econsult.com\/en\/wp-json\/wp\/v2\/types\/page"}],"author":[{"embeddable":true,"href":"https:\/\/sc-econsult.com\/en\/wp-json\/wp\/v2\/users\/1"}],"replies":[{"embeddable":true,"href":"https:\/\/sc-econsult.com\/en\/wp-json\/wp\/v2\/comments?post=961"}],"version-history":[{"count":133,"href":"https:\/\/sc-econsult.com\/en\/wp-json\/wp\/v2\/pages\/961\/revisions"}],"predecessor-version":[{"id":6763,"href":"https:\/\/sc-econsult.com\/en\/wp-json\/wp\/v2\/pages\/961\/revisions\/6763"}],"wp:attachment":[{"href":"https:\/\/sc-econsult.com\/en\/wp-json\/wp\/v2\/media?parent=961"}],"curies":[{"name":"wp","href":"https:\/\/api.w.org\/{rel}","templated":true}]}}